{"id":30,"date":"2019-01-01T18:31:45","date_gmt":"2019-01-01T18:31:45","guid":{"rendered":"http:\/\/depot-v.friejek.de\/?page_id=30"},"modified":"2019-02-26T06:42:33","modified_gmt":"2019-02-26T06:42:33","slug":"datenschutz","status":"publish","type":"page","link":"https:\/\/friejek.de\/?page_id=30","title":{"rendered":"Datenschutzerkl\u00e4rung"},"content":{"rendered":"<p>Diese Website dient ausschlie\u00dflich privaten Zwecken. Die folgenden Angaben werden daher freiwillig gemacht.<\/p>\n<h4>Verantwortlicher<\/h4>\n<p>Volkmar Hedicke<br \/>\nZeppelinplatz 4<br \/>\n13353 Berlin<\/p>\n<p>E-Mailadresse: <a href=\"mailto:theo@friejek.de\">theo@friejek.de<\/a><\/p>\n<p>Der Verantwortliche entscheidet allein \u00fcber die Zwecke und Mittel der Verarbeitung von personenbezogenen Daten.<\/p>\n<h4>Arten der verarbeiteten Daten<\/h4>\n<ul>\n<li>Nutzungsdaten<\/li>\n<li>Meta-\/Kommunikationsdaten<\/li>\n<\/ul>\n<h4>Kategorien betroffener Personen<\/h4>\n<ul>\n<li>Besucher der Website<\/li>\n<\/ul>\n<h4>Zweck der Verarbeitung<\/h4>\n<ul>\n<li>Zurverf\u00fcgungstellung der Website, ihrer Funktionen und Inhalte<\/li>\n<li>Sicherheitsma\u00dfnahmen<\/li>\n<\/ul>\n<h4>Server-Log-Dateien<\/h4>\n<p>Der Provider der Website erhebt und speichert\u00a0 automatisch Informationen in Server-Log-Dateien, die Ihr Browser automatisch \u00fcbermittelt. Dies sind:<\/p>\n<ul>\n<li>Besuchte Seite auf dieser Domain<\/li>\n<li>Datum und Uhrzeit der Serveranfrage<\/li>\n<li>Browsertyp und Browserversion<\/li>\n<li>Verwendetes Betriebssystem<\/li>\n<li>Referrer URL<\/li>\n<li>Hostname des zugreifenden Rechners<\/li>\n<li>IP-Adresse<\/li>\n<\/ul>\n<p>Die Verarbeitung dieser Daten geschieht ausschlie\u00dflich zur Sicherstellung der technischen Verf\u00fcgbarkeit dieser Website. Insofern besteht ein berechtigtes Interesse des Verantwortlichen an der Verarbeitung.<\/p>\n<p>Es findet keine Zusammenf\u00fchrung dieser Daten mit anderen Datenquellen statt. Eine Weitergabe der Daten an Dritte erfolgt nicht.<\/p>\n<h4>Cookies<\/h4>\n<p>Die Website verwendet Cookies. Das sind kleine Textdateien, die Ihr Webbrowser auf Ihrem Endger\u00e4t speichert. Cookies helfen dabei, das Angebot nutzerfreundlicher, effektiver und sicherer zu machen.<\/p>\n<p>Einige Cookies sind \u201cSession-Cookies.\u201d Solche Cookies werden nach Ende Ihrer Browser-Sitzung von selbst gel\u00f6scht. Hingegen bleiben andere Cookies auf Ihrem Endger\u00e4t bestehen, bis Sie diese selbst l\u00f6schen. Solche Cookies helfen, Sie bei R\u00fcckkehr auf der Website wiederzuerkennen. In Ihrem Webbrowser k\u00f6nnen Sie das Setzen von Cookies \u00fcberwachen, einschr\u00e4nken oder unterbinden. Viele Webbrowser lassen sich so konfigurieren, dass Cookies mit dem Schlie\u00dfen des Programms von selbst gel\u00f6scht werden.<\/p>\n<p>Das Setzen von Cookies, die zur Aus\u00fcbung elektronischer Kommunikationsvorg\u00e4nge notwendig sind, erfolgt auf Grundlage von Art. 6 Abs. 1 lit. f DSGVO. Als Betreiber dieser Website habe ich berechtigtes Interesse an der Speicherung von Cookies zur technisch fehlerfreien und reibungslosen Bereitstellung der Dienste.<\/p>\n<h4>Recht auf Beschwerde bei der zust\u00e4ndigen Aufsichtsbeh\u00f6rde<\/h4>\n<p>Als Betroffener steht Ihnen im Falle eines datenschutzrechtlichen Versto\u00dfes ein Beschwerderecht bei der zust\u00e4ndigen Aufsichtsbeh\u00f6rde zu. Zust\u00e4ndige Aufsichtsbeh\u00f6rde bez\u00fcglich datenschutzrechtlicher Fragen ist der Berliner Beauftragte f\u00fcr Datenschutz und Informationsfreiheit.<\/p>\n<p>&nbsp;<\/p>\n","protected":false},"excerpt":{"rendered":"<p>Diese Website dient ausschlie\u00dflich privaten Zwecken. Die folgenden Angaben werden daher freiwillig gemacht. Verantwortlicher Volkmar Hedicke Zeppelinplatz 4 13353 Berlin E-Mailadresse: theo@friejek.de Der Verantwortliche entscheidet allein \u00fcber die Zwecke und Mittel der Verarbeitung von personenbezogenen Daten. Arten der verarbeiteten Daten Nutzungsdaten Meta-\/Kommunikationsdaten Kategorien betroffener Personen Besucher der Website Zweck der Verarbeitung Zurverf\u00fcgungstellung der Website, ihrer [&hellip;]<\/p>\n","protected":false},"author":1,"featured_media":0,"parent":0,"menu_order":0,"comment_status":"closed","ping_status":"closed","template":"","meta":{"footnotes":""},"class_list":["post-30","page","type-page","status-publish","hentry","post"],"_links":{"self":[{"href":"https:\/\/friejek.de\/index.php?rest_route=\/wp\/v2\/pages\/30","targetHints":{"allow":["GET"]}}],"collection":[{"href":"https:\/\/friejek.de\/index.php?rest_route=\/wp\/v2\/pages"}],"about":[{"href":"https:\/\/friejek.de\/index.php?rest_route=\/wp\/v2\/types\/page"}],"author":[{"embeddable":true,"href":"https:\/\/friejek.de\/index.php?rest_route=\/wp\/v2\/users\/1"}],"replies":[{"embeddable":true,"href":"https:\/\/friejek.de\/index.php?rest_route=%2Fwp%2Fv2%2Fcomments&post=30"}],"version-history":[{"count":6,"href":"https:\/\/friejek.de\/index.php?rest_route=\/wp\/v2\/pages\/30\/revisions"}],"predecessor-version":[{"id":1085,"href":"https:\/\/friejek.de\/index.php?rest_route=\/wp\/v2\/pages\/30\/revisions\/1085"}],"wp:attachment":[{"href":"https:\/\/friejek.de\/index.php?rest_route=%2Fwp%2Fv2%2Fmedia&parent=30"}],"curies":[{"name":"wp","href":"https:\/\/api.w.org\/{rel}","templated":true}]}}